{"id":377,"date":"2020-05-11T00:58:28","date_gmt":"2020-05-10T22:58:28","guid":{"rendered":"http:\/\/www.pinostrano.it\/lirichecanzoni\/?page_id=377"},"modified":"2020-05-11T00:58:28","modified_gmt":"2020-05-10T22:58:28","slug":"note-sulla-composizione-ubriaco-%d0%bf%d1%8c%d1%8f%d0%bd%d1%8b%d0%b9","status":"publish","type":"page","link":"https:\/\/www.pinostrano.it\/lirichecanzoni\/note-sulla-composizione-ubriaco-%d0%bf%d1%8c%d1%8f%d0%bd%d1%8b%d0%b9\/","title":{"rendered":"Note sulla composizione Ubriaco &#8211; (\u041f\u044c\u044f\u043d\u044b\u0439)"},"content":{"rendered":"<p><img data-recalc-dims=\"1\" decoding=\"async\" loading=\"lazy\" class=\"alignnone  wp-image-378\" src=\"https:\/\/i0.wp.com\/www.pinostrano.it\/lirichecanzoni\/wp-content\/uploads\/2020\/03\/Piani-Ubriaco-1.png?resize=525%2C743&#038;ssl=1\" alt=\"\" width=\"525\" height=\"743\" srcset=\"https:\/\/i0.wp.com\/www.pinostrano.it\/lirichecanzoni\/wp-content\/uploads\/2020\/03\/Piani-Ubriaco-1.png?resize=212%2C300&amp;ssl=1 212w, https:\/\/i0.wp.com\/www.pinostrano.it\/lirichecanzoni\/wp-content\/uploads\/2020\/03\/Piani-Ubriaco-1.png?resize=724%2C1024&amp;ssl=1 724w, https:\/\/i0.wp.com\/www.pinostrano.it\/lirichecanzoni\/wp-content\/uploads\/2020\/03\/Piani-Ubriaco-1.png?resize=768%2C1086&amp;ssl=1 768w, https:\/\/i0.wp.com\/www.pinostrano.it\/lirichecanzoni\/wp-content\/uploads\/2020\/03\/Piani-Ubriaco-1.png?resize=1087%2C1536&amp;ssl=1 1087w, https:\/\/i0.wp.com\/www.pinostrano.it\/lirichecanzoni\/wp-content\/uploads\/2020\/03\/Piani-Ubriaco-1.png?resize=1449%2C2048&amp;ssl=1 1449w, https:\/\/i0.wp.com\/www.pinostrano.it\/lirichecanzoni\/wp-content\/uploads\/2020\/03\/Piani-Ubriaco-1.png?w=1575&amp;ssl=1 1575w\" sizes=\"auto, (max-width: 525px) 100vw, 525px\" \/><\/p>\n<p>Questa \u00e8 la prima pagina della mia &#8220;messa in musica&#8221; della poesia &#8220;\u0413\u0440\u0443\u0431\u044b\u043c \u0434\u0430\u0435\u0442\u0441\u044f \u0440\u0430\u0434\u043e\u0441\u0442\u044c&#8230;&#8221; che io e Rita, abbiamo tradotto con &#8220;Ai bruti va la gioia&#8230;&#8221;. <br>Per una discussione sul &#8220;processo creativo&#8221; e altro si veda &#8220;<a href=\"https:\/\/www.pinostrano.it\/lirichecanzoni\/note-sulla-traduzione-e-adattamento-musicale-di-\u0433\u0440\u0443\u0431\u044b\u043c-\u0434\u0430\u0435\u0442\u0441\u044f-\u0440\u0430\u0434\u043e\u0441\u0442\u044c-ai-bruti-va-la-gioia\/\">Note sulla traduzione e adattamento musicale di \u0413\u0440\u0443\u0431\u044b\u043c \u0434\u0430\u0435\u0442\u0441\u044f \u0440\u0430\u0434\u043e\u0441\u0442\u044c\u2026 ,Ai bruti va la gioia\u2026<\/a>&#8220;.<br>Come ho gi\u00e0 detto l\u00ec, la musica l&#8217;ho scritta pensando al testo russo. Successivamente \u00e8 stato elaborato l&#8217;adattamento in italiano.<br>Non voglio parlare molto di questa canzone, aggiungo solo che ne esiste un&#8217;altra versione completamente diversa dalla mia. Anzi almeno altre due. <br>Una, che per\u00f2 \u00e8 sostanzialmente una base musicale su cui leggere il testo:<br><a href=\"https:\/\/www.youtube.com\/watch?v=AVTQwYxt19o\">https:\/\/www.youtube.com\/watch?v=AVTQwYxt19o<\/a><br>e l&#8217;altra, potete sentirla qui:<br><a href=\"https:\/\/www.youtube.com\/watch?v=2BRDDL315bc\">https:\/\/www.youtube.com\/watch?v=2BRDDL315bc<\/a><\/p>\n<p>Diseguito i ink a partitura e video delle mie creazioni.<\/p>\n\n\n<p><a href=\"https:\/\/www.pinostrano.it\/lirichecanzoni\/wp-content\/uploads\/2020\/03\/Piani-Ubriaco.pdf\" target=\"_blank\" rel=\"noreferrer noopener\">Ubriaco &#8211; \u041f\u044c\u044f\u043d\u044b\u0439, partitura.<\/a><\/p>\n\n\n\n<p> <a rel=\"noreferrer noopener\" href=\"https:\/\/www.pinostrano.it\/lirichecanzoni\/ubriaco\/\" target=\"_blank\">Versione italiana: Ubriaco, audio<\/a>.<br><br><a href=\"https:\/\/www.pinostrano.it\/lirichecanzoni\/\u043f\u044c\u044f\u043d\u044b\u0439\/\" target=\"_blank\" rel=\"noreferrer noopener\">Versione russa: \u041f\u044c\u044f\u043d\u044b\u0439, audio.<\/a><\/p>\n<div class=\"fcbkbttn_buttons_block\" id=\"fcbkbttn_left\"><div class=\"fcbkbttn_like \"><fb:like href=\"https:\/\/www.pinostrano.it\/lirichecanzoni\/note-sulla-composizione-ubriaco-%d0%bf%d1%8c%d1%8f%d0%bd%d1%8b%d0%b9\/\" action=\"like\" colorscheme=\"light\" layout=\"standard\"  width=\"225px\" size=\"small\"><\/fb:like><\/div><div class=\"fb-share-button  \" data-href=\"https:\/\/www.pinostrano.it\/lirichecanzoni\/note-sulla-composizione-ubriaco-%d0%bf%d1%8c%d1%8f%d0%bd%d1%8b%d0%b9\/\" data-type=\"icon_link\" data-size=\"small\"><\/div><\/div>","protected":false},"excerpt":{"rendered":"<p>Questa \u00e8 la prima pagina della mia &#8220;messa in musica&#8221; della poesia &#8220;\u0413\u0440\u0443\u0431\u044b\u043c \u0434\u0430\u0435\u0442\u0441\u044f \u0440\u0430\u0434\u043e\u0441\u0442\u044c&#8230;&#8221; che io e Rita, abbiamo tradotto con &#8220;Ai bruti va la gioia&#8230;&#8221;. Per una discussione sul &#8220;processo creativo&#8221; e altro si veda &#8220;Note sulla traduzione e adattamento musicale di \u0413\u0440\u0443\u0431\u044b\u043c \u0434\u0430\u0435\u0442\u0441\u044f \u0440\u0430\u0434\u043e\u0441\u0442\u044c\u2026 ,Ai bruti va la gioia\u2026&#8220;.Come ho gi\u00e0 detto &hellip; <\/p>\n<p class=\"link-more\"><a href=\"https:\/\/www.pinostrano.it\/lirichecanzoni\/note-sulla-composizione-ubriaco-%d0%bf%d1%8c%d1%8f%d0%bd%d1%8b%d0%b9\/\" class=\"more-link\">Leggi tutto<span class=\"screen-reader-text\"> &#8220;Note sulla composizione Ubriaco &#8211; (\u041f\u044c\u044f\u043d\u044b\u0439)&#8221;<\/span><\/a><\/p>\n","protected":false},"author":1,"featured_media":0,"parent":0,"menu_order":0,"comment_status":"closed","ping_status":"closed","template":"","meta":{"nf_dc_page":"","jetpack_post_was_ever_published":false,"footnotes":""},"class_list":["post-377","page","type-page","status-publish","hentry"],"jetpack_sharing_enabled":true,"jetpack_shortlink":"https:\/\/wp.me\/Pa5jLB-65","jetpack_likes_enabled":true,"_links":{"self":[{"href":"https:\/\/www.pinostrano.it\/lirichecanzoni\/wp-json\/wp\/v2\/pages\/377","targetHints":{"allow":["GET"]}}],"collection":[{"href":"https:\/\/www.pinostrano.it\/lirichecanzoni\/wp-json\/wp\/v2\/pages"}],"about":[{"href":"https:\/\/www.pinostrano.it\/lirichecanzoni\/wp-json\/wp\/v2\/types\/page"}],"author":[{"embeddable":true,"href":"https:\/\/www.pinostrano.it\/lirichecanzoni\/wp-json\/wp\/v2\/users\/1"}],"replies":[{"embeddable":true,"href":"https:\/\/www.pinostrano.it\/lirichecanzoni\/wp-json\/wp\/v2\/comments?post=377"}],"version-history":[{"count":8,"href":"https:\/\/www.pinostrano.it\/lirichecanzoni\/wp-json\/wp\/v2\/pages\/377\/revisions"}],"predecessor-version":[{"id":474,"href":"https:\/\/www.pinostrano.it\/lirichecanzoni\/wp-json\/wp\/v2\/pages\/377\/revisions\/474"}],"wp:attachment":[{"href":"https:\/\/www.pinostrano.it\/lirichecanzoni\/wp-json\/wp\/v2\/media?parent=377"}],"curies":[{"name":"wp","href":"https:\/\/api.w.org\/{rel}","templated":true}]}}