{"id":33,"date":"2008-03-08T01:50:27","date_gmt":"2008-03-07T23:50:27","guid":{"rendered":"http:\/\/www.pinostrano.it\/blog\/principi-fondamentali-della-democrazia-diretta\/"},"modified":"2016-11-05T12:51:09","modified_gmt":"2016-11-05T10:51:09","slug":"principi-fondamentali-della-democrazia-diretta","status":"publish","type":"page","link":"https:\/\/www.pinostrano.it\/blog\/principi-fondamentali-della-democrazia-diretta\/","title":{"rendered":"Principi Fondamentali della Democrazia Diretta"},"content":{"rendered":"<p style=\"text-align: justify;\">====== Principi Fondamentali della Democrazia Diretta ======<\/p>\n<p style=\"text-align: justify;\"><strong><em>[Questi principi dovrebbero trovare applicazione nelle organizzazioni e nelle <span style=\"text-decoration: underline;\">istituzioni democratiche<\/span> &#8211; in questo caso alla parola &#8220;associato&#8221; potete sostituire la parola &#8220;cittadino&#8221; e alle parole Statuto e Regolamenti potete sostituire le parole &#8220;Costituzione&#8221; e &#8220;Leggi&#8221;, e alla parola Organizzazione potete sostituire la parola &#8220;Stato&#8221;.]<\/em><\/strong><\/p>\n<p style=\"text-align: justify;\">1. Desiderando la pratica diretta della democrazia in tutte le organizzazioni sociali, aspiriamo innanzi tutto alla pratica della democrazia diretta nella gestione della nostra stessa Organizzazione.<em>[Questo pu\u00f2 definirsi <strong>principio di coerenza<\/strong>, bisogna che si razzoli come si predica insomma]<\/em><\/p>\n<p style=\"text-align: justify;\">2. In ogni momento e su qualsiasi argomento relativo all&#8217;Organizzazione e alle sue attivit\u00e0, a ciascuno dei singoli associati spetta una pari frazione di potere propositivo, decisionale ed esecutivo, ed a ciascuno di essi deve essere garantita un&#8217;identica facolta&#8217; di espressione e di controllo.<em> [Questo e&#8217; qualcosa di piu&#8217; del classico principio di uguaglianza, meglio sarebbe definirlo di &#8216;<strong>principio di equipotenza<\/strong>&#8216;. E&#8217; posto un accento sulla partecipazione diretta alle forme di *esercizio* del potere nei suoi aspetti fondamentali tutti egualmente rilevanti e irrinunciabili del potere di espressione, controllo, proposta, decisione, esecuzione.<\/em><em>Inoltre questo implica che non possono esserci membri privilegiati per alcuna ragione &#8211; quindi nessun potere o facolt\u00e0 speciale ai membri fondatori. Nessuno \u00e8 &#8220;fondatore&#8221;. Iscriversi prima o dopo \u00e8 un fatto puramente temporale o casuale]<\/em><\/p>\n<p style=\"text-align: justify;\"><em>[Inoltre, implicitamente, questo principio, implica l&#8217;applicazione in via preferenziale del <strong>criterio della suddivisione quantitativa delle risorse per la partecipazione<\/strong>, <\/em><em>cio\u00e8 l&#8217;uso di pari quantit\u00e0 delle risorse (tempo, spazio e in genere uso degli strumenti e dei vari media) <\/em><em>destinate all&#8217;esercizio di quei poteri e facolt\u00e0] <\/em><\/p>\n<p style=\"text-align: justify;\">3. Il singolo associato esercita direttamente e i propri poteri e facolta&#8217;, trovando limite invalicabile solo nella impossibilita&#8217; naturale o legale.<em>[<strong>principio di esercizio diretto<\/strong>&#8230;questo non e&#8217; presente o evidenziato nelle normali democrazie. ]<\/em><\/p>\n<p style=\"text-align: justify;\">4. La sovranita&#8217; della Organizzazione appartiene sempre all&#8217;insieme di tutti i singoli associati, che la determinano secondo la volonta&#8217; espressa dalla maggioranza.<em> [normale <strong>principio di maggioranza<\/strong>&#8230;.]<\/em><\/p>\n<p style=\"text-align: justify;\">5. La delega, a tempo limitato, di parte o tutto il proprio individuale potere o facolta&#8217; ad altro associato e&#8217; consentita, ma sempre con l&#8217;attributo della revocabilita&#8217; in qualsiasi momento della stessa. Tale attributo e&#8217; tassativo.<em>[principio della liberta&#8217; di gestione e di inalienabilita&#8217; del controllo sulla propria quota di potere, piu&#8217; semplicemente <strong>principio di controllo esclusivo<\/strong>]<\/em><\/p>\n<p style=\"text-align: justify;\">6. Solo nel caso in cui l&#8217;effetto del ritiro della delega generasse instabilita&#8217; nociva all&#8217;efficacia dell&#8217;azione della Organizzazione, e&#8217; ammissibile una limitazione al principio della revocabilita&#8217; in qualsiasi momento; tale limitazione e&#8217; da intendersi soltanto ed esclusivamente nei termini di margini di oscillazioni minime consentite alle percentuali di consensi prima che abbiano effetto esecutivo, non mai di limitazione del diritto di revocare il proprio singolo potere delegato.<em>[<strong>principio di efficacia<\/strong>&#8230; l&#8217;unica ragione ammissibile per la limitazione del principio di controllo, comunque nella ragione minima possibile atta a garantire l&#8217;efficacia]<\/em><\/p>\n<p style=\"text-align: justify;\">7. In relazione alle risorse disponibili, ogni forma organizzativa e ogni strumento tecnico o normativo, che realizzi o migliori l&#8217;attuazione di questi principi, e&#8217; ricercato ed utilizzato. A questo devono tendere le norme del nostro Statuto e dei nostri regolamenti.<em>[<strong>principio di progressivit\u00e0<\/strong>&#8230;la forma perfetta della democrazia non esiste, esiste solo una direzione da seguire]<\/em><\/p>\n<p style=\"text-align: justify;\">8. Ogni decisione ed indirizzo politico locale che riguardi solo quel livello locale \u00e8 sotto la sovranit\u00e0 di quello stesso livello.<em>[<strong>principio federalista<\/strong>&#8230; ]<\/em><\/p>\n<p style=\"text-align: justify;\">Una versione di questi principi, praticamente sovrapponibile \u00e8 stata approvata al I\u00b0 Congresso Nazionale dei Democratici Diretti.<br \/>\n(<a href=\"http:\/\/www.pinostrano.it\/blog\/storico-primo-convegno-nazionale-dei-dd-a-bussolengo-dic-2000-le-deliberazioni\/\">http:\/\/www.pinostrano.it\/blog\/storico-primo-convegno-nazionale-dei-dd-a-bussolengo-dic-2000-le-deliberazioni\/<\/a>)<\/p>\n","protected":false},"excerpt":{"rendered":"<p>====== Principi Fondamentali della Democrazia Diretta ====== [Questi principi dovrebbero trovare applicazione nelle organizzazioni e nelle istituzioni democratiche &#8211; in questo caso alla parola &#8220;associato&#8221; potete sostituire la parola &#8220;cittadino&#8221; e alle parole Statuto e Regolamenti potete sostituire le parole &#8220;Costituzione&#8221; e &#8220;Leggi&#8221;, e alla parola Organizzazione potete sostituire la parola &#8220;Stato&#8221;.] 1. Desiderando la <a href='https:\/\/www.pinostrano.it\/blog\/principi-fondamentali-della-democrazia-diretta\/' class='excerpt-more'>[&#8230;]<\/a><\/p>\n","protected":false},"author":1,"featured_media":0,"parent":0,"menu_order":-1,"comment_status":"open","ping_status":"open","template":"","meta":{"footnotes":""},"class_list":["post-33","page","type-page","status-publish","hentry","category-3-id","post-seq-1","post-parity-odd","meta-position-corners","fix"],"_links":{"self":[{"href":"https:\/\/www.pinostrano.it\/blog\/wp-json\/wp\/v2\/pages\/33","targetHints":{"allow":["GET"]}}],"collection":[{"href":"https:\/\/www.pinostrano.it\/blog\/wp-json\/wp\/v2\/pages"}],"about":[{"href":"https:\/\/www.pinostrano.it\/blog\/wp-json\/wp\/v2\/types\/page"}],"author":[{"embeddable":true,"href":"https:\/\/www.pinostrano.it\/blog\/wp-json\/wp\/v2\/users\/1"}],"replies":[{"embeddable":true,"href":"https:\/\/www.pinostrano.it\/blog\/wp-json\/wp\/v2\/comments?post=33"}],"version-history":[{"count":4,"href":"https:\/\/www.pinostrano.it\/blog\/wp-json\/wp\/v2\/pages\/33\/revisions"}],"predecessor-version":[{"id":1299,"href":"https:\/\/www.pinostrano.it\/blog\/wp-json\/wp\/v2\/pages\/33\/revisions\/1299"}],"wp:attachment":[{"href":"https:\/\/www.pinostrano.it\/blog\/wp-json\/wp\/v2\/media?parent=33"}],"curies":[{"name":"wp","href":"https:\/\/api.w.org\/{rel}","templated":true}]}}