{"id":1008,"date":"2012-07-05T02:31:18","date_gmt":"2012-07-05T00:31:18","guid":{"rendered":"http:\/\/www.pinostrano.it\/blog\/?page_id=1008"},"modified":"2020-04-23T14:36:43","modified_gmt":"2020-04-23T12:36:43","slug":"democrazia-diretta-e-democrazia-rappresentativa-cosa-veramente-sono","status":"publish","type":"page","link":"https:\/\/www.pinostrano.it\/blog\/democrazia-diretta-e-democrazia-rappresentativa-cosa-veramente-sono\/","title":{"rendered":"Democrazia diretta e Democrazia rappresentativa. Cosa veramente sono?"},"content":{"rendered":"<p style=\"text-align: justify;\" align=\"JUSTIFY\"><strong><span style=\"color: #2750ab;\"><span style=\"font-family: Helvetica, sans-serif;\">DD = Democrazia Diretta, ovvero potere esercitato direttamente da cittadini senza intermediazioni<\/span><\/span><\/strong><\/p>\n<p style=\"text-align: justify;\" align=\"JUSTIFY\"><strong><span style=\"color: #2750ab;\"><span style=\"font-family: Helvetica, sans-serif;\">DR = Democrazia Rappresentativa, ovvero potere delegato dai cittadini ai rappresentanti<\/span><\/span><\/strong><\/p>\n<p style=\"text-align: justify;\" align=\"JUSTIFY\"><span style=\"font-family: Helvetica, sans-serif;\">questa \u00e8 la visione &#8220;classica&#8221; della situazione.<\/span><\/p>\n<p style=\"text-align: justify;\" align=\"JUSTIFY\"><span style=\"font-family: Helvetica, sans-serif;\">Ma io la ritengo non corretta. Dico proprio dal punto di vista teorico e dal punto di vista della sostanza.<\/span><\/p>\n<p style=\"text-align: justify;\" align=\"JUSTIFY\"><span style=\"font-family: Helvetica, sans-serif;\">Quelle equazioni sopra riportate sono frutto di una interpretazione dominante comune, o di un luogo comune, ma, se si analizza bene cosa sta alla base dei concetti di DD, DR e D si pu\u00f2 vedere che le cose non stanno proprio cos\u00ec.<\/span><\/p>\n<p style=\"text-align: justify;\" align=\"JUSTIFY\"><span style=\"font-family: Helvetica, sans-serif;\">Per esempio l&#8217;idea che DD significhi &#8220;potere esercitato senza intermediazioni&#8221;, \u00e8 semplicemente sbagliata. Falsa. Infatti non \u00e8 possibile nessuna espressione di volont\u00e0 , e ancor meno uso del potere &#8220;senza intermediazioni&#8221;.<\/span><\/p>\n<p style=\"text-align: justify;\" align=\"JUSTIFY\"><span style=\"font-family: Helvetica, sans-serif;\">Leggasi in merito questo: <\/span><span style=\"color: #2750ab;\"><span style=\"font-family: Helvetica, sans-serif;\"><span style=\"text-decoration: underline;\"><a href=\"http:\/\/www.pinostrano.it\/blog\/delega-e-dd-cosa-significa-laggettivo-diretta\/\">http:\/\/www.pinostrano.it\/blog\/delega-e-dd-cosa-significa-laggettivo-diretta\/<\/a><\/span><\/span><\/span><\/p>\n<p style=\"text-align: justify;\" align=\"JUSTIFY\"><span style=\"font-family: Helvetica, sans-serif;\">Comunemente, la nostra si ritiene una DR. Ma non \u00e8 cos\u00ec. Infatti un sistema istituzionale dove i governanti non possono essere cambiati quando anche l&#8217;intero popolo non li vuole pi\u00f9, semplicemente non \u00e8 una democrazia. perch\u00e9 la caratteristica di &#8220;potere del popolo&#8221; in realt\u00e0 non \u00e8 pi\u00f9 attiva, \u00e8 sospesa. N\u00e9 la sua attivazione dipende pi\u00f9 dal popolo. Per farlo bisogna aspettare 5 anni, che piaccia o no. nel frattempo i governanti possono stravolgere ogni cosa dello stato, rubarsi i tuoi e i miei soldi, depenalizzare questo o quel reato da loro commesso, al limite che non vanno in galera neanche se uccidono tua moglie e i tuoi bambini etc etc&#8230; Un sistema istituzionale che non prevede la possibilit\u00e0 di cambiare le leggi fatte dai governanti, neanche se l&#8217;intero popolo lo volesse, non \u00e8 una democrazia. La nostra DR in realt\u00e0 si \u00e8 giocata la D, poich\u00e9 non prevede alcun mezzo attraverso il quale i cittadini possano su propria iniziativa modificare la delega e\/o le decisioni dei delegati.<\/span><\/p>\n<p style=\"text-align: justify;\" align=\"JUSTIFY\"><span style=\"font-family: Helvetica, sans-serif;\">La nostra, cosidetta &#8220;democrazia rappresentativa&#8221;, \u00e8 in realt\u00e0 semplicemente una Oligarchia Elettiva. E l&#8217;unico momento in cui i cittadini possono avere una possibilit\u00e0 di cambiare le cose, senza impugnare i fucili, \u00e8 il giorno delle elezioni. Ma il fatto che si voti non significa affatto che il sistema nel suo complesso sia democratico. Se l&#8217;unica cosa che puoi fare \u00e8 votare chi deve essere il tiranno, tutto si pu\u00f2 dire, tranne che quello sia un sistema democratico.<\/span><\/p>\n<p style=\"text-align: justify;\" align=\"JUSTIFY\"><span style=\"font-family: Helvetica, sans-serif;\">La rappresentanza, o la delega \u00e8 uno dei poteri che si possono esercitare. Come sovrano posso fare del mio potere ci\u00f2 che voglio, compreso cederlo a qualcun altro se mi viene comodo, ma che sovrano sarei se non potessi riprenderlo non appena lo volessi? Quella sarebbe stata allora CESSIONE di sovranit\u00e0 . E questo \u00e8 quello che ci accade con il voto, che esprime l&#8217;OBBLIGO di cedere la propria sovranit\u00e0 ai principi elettivi a lunga durata (i 5 anni della legislatura).<\/span><\/p>\n<p style=\"text-align: justify;\" align=\"JUSTIFY\"><span style=\"font-family: Helvetica, sans-serif;\">In democrazia (diretta), la delega non \u00e8 CESSIONE di sovranit\u00e0 . perch\u00e9, idealmente, in ogni momento io devo poter recuperare il potere ceduto. Il referendum deliberativo rappresenta quindi il livello MINIMO che deve esistere per poter dire che un sistema \u00e8 democratico, Rappresenta quel mezzo, almeno uno, che il popolo deve poter avere per ritornare sovrano senza chiedere il permesso ai governanti.<\/span><\/p>\n<p style=\"text-align: justify;\" align=\"JUSTIFY\"><span style=\"font-family: Helvetica, sans-serif;\">Non tutte le democrazie (che hanno almeno il livello minimo per potersi definire tali) sono uguali. Una democrazia pu\u00f2 essere migliore (o pi\u00f9 estesa) di un altra se i mezzi attraverso i quali il cittadino pu\u00f2 esercitare la propria sovranit\u00e0 sono molteplici e flessibili e non costringono chi non volesse delegare mai a doverlo comunque fare. Per questo la democrazia (diretta) \u00e8 una idea progressiva, non uno STATO da raggiungere una volta per tutte.<\/span><\/p>\n<p style=\"text-align: justify;\" align=\"JUSTIFY\"><span style=\"font-family: Helvetica, sans-serif;\">Tuttavia anche avendo tutti i mezzi per esercitare in ogni momento il potere di governare, se io, cittadino sovrano lo voglio fare, devo poter essere libero di delegare. Ovviamente senza mai perderne totalmente il controllo (quindi in forma sempre revocabile solo che lo voglia). Ma se per ipotesi io non lo volessi riprendere se non ogni cinque anni, e se per ipotesi anche tutti gli altri membri del popolo non lo volessero riprendere, se non ogni cinque anni, ebbene allora avremmo un sistema &#8220;simile&#8221; all&#8217;attuale. Per questo dico che la DR (vera) \u00e8 in realt\u00e0 un caso particolare di DD.<\/span><\/p>\n<p style=\"text-align: justify;\" align=\"JUSTIFY\"><span style=\"font-family: Helvetica, sans-serif;\">La democrazia diretta CONTIENE come possibilit\u00e0 la democrazia rappresentativa.<br \/>\n<\/span><\/p>\n<p style=\"text-align: justify;\" align=\"JUSTIFY\"><span style=\"font-family: Helvetica, sans-serif;\">Quindi tutt&#8217;altro che dd &#8220;complemento&#8221; della dr. Quando si dice che il referendum di iniziativa e deliberativo (che spesso \u00e8 tutto quello che si intende per democrazia diretta) \u00e8 complemento della DR, si sta dicendo qualcosa di fuorviante, come se DD e DR fossero due forme qualitativamente differenti di democrazia. Se \u00e8 vera DR, dove la delega non \u00e8 cessione di sovranit\u00e0 , ma utile strumento, allora parliamo solo di diversa intensit\u00e0 di uso della delega. E cos\u00ec, Il referendum di iniziativa deliberativo, \u00e8 semplicemente la CONDIZIONE MINIMA per cui una democrazia si possa definire tale. Lo strumento attraverso cui il cittadino ritorna padrone del potere che ha delegato. Senza questo minimo, la cosiddetta democrazia rappresentativa con l&#8217;obbligo della cessione a un rappresentante eletto, non \u00e8 affatto democrazia, ma pura oligarchia.<\/span><\/p>\n<p style=\"text-align: justify;\" align=\"JUSTIFY\"><span style=\"font-family: Helvetica, sans-serif;\">E la democrazia diretta, se proprio vogliamo usare l&#8217;aggettivo diretta, dovrebbe piuttosto indicare <strong>un sistema democratico che tende <em><span style=\"text-decoration: underline;\">costantemente<\/span><\/em> a ridurre al minimo gli ostacoli per l&#8217;esercizio esteso della sovranit\u00e0 da parte di ogni singolo cittadino<\/strong>.<\/span><\/p>\n","protected":false},"excerpt":{"rendered":"<p>DD = Democrazia Diretta, ovvero potere esercitato direttamente da cittadini senza intermediazioni DR = Democrazia Rappresentativa, ovvero potere delegato dai cittadini ai rappresentanti questa \u00e8 la visione &#8220;classica&#8221; della situazione. Ma io la ritengo non corretta. Dico proprio dal punto di vista teorico e dal punto di vista della sostanza. Quelle equazioni sopra riportate sono <a href='https:\/\/www.pinostrano.it\/blog\/democrazia-diretta-e-democrazia-rappresentativa-cosa-veramente-sono\/' class='excerpt-more'>[&#8230;]<\/a><\/p>\n","protected":false},"author":1,"featured_media":0,"parent":0,"menu_order":0,"comment_status":"open","ping_status":"open","template":"","meta":{"footnotes":""},"class_list":["post-1008","page","type-page","status-publish","hentry","post-seq-1","post-parity-odd","meta-position-corners","fix"],"_links":{"self":[{"href":"https:\/\/www.pinostrano.it\/blog\/wp-json\/wp\/v2\/pages\/1008","targetHints":{"allow":["GET"]}}],"collection":[{"href":"https:\/\/www.pinostrano.it\/blog\/wp-json\/wp\/v2\/pages"}],"about":[{"href":"https:\/\/www.pinostrano.it\/blog\/wp-json\/wp\/v2\/types\/page"}],"author":[{"embeddable":true,"href":"https:\/\/www.pinostrano.it\/blog\/wp-json\/wp\/v2\/users\/1"}],"replies":[{"embeddable":true,"href":"https:\/\/www.pinostrano.it\/blog\/wp-json\/wp\/v2\/comments?post=1008"}],"version-history":[{"count":7,"href":"https:\/\/www.pinostrano.it\/blog\/wp-json\/wp\/v2\/pages\/1008\/revisions"}],"predecessor-version":[{"id":1489,"href":"https:\/\/www.pinostrano.it\/blog\/wp-json\/wp\/v2\/pages\/1008\/revisions\/1489"}],"wp:attachment":[{"href":"https:\/\/www.pinostrano.it\/blog\/wp-json\/wp\/v2\/media?parent=1008"}],"curies":[{"name":"wp","href":"https:\/\/api.w.org\/{rel}","templated":true}]}}